{"id":4079,"date":"2016-05-23T11:46:46","date_gmt":"2016-05-23T11:46:46","guid":{"rendered":"http:\/\/8theme.com\/import\/xstore\/?page_id=4079"},"modified":"2023-06-27T14:39:40","modified_gmt":"2023-06-27T12:39:40","slug":"kapcsolat","status":"publish","type":"page","link":"https:\/\/www.rajalbirs.hu\/index.php\/kapcsolat\/","title":{"rendered":"kapcsolat"},"content":{"rendered":"\t\t<div data-elementor-type=\"wp-page\" data-elementor-id=\"4079\" class=\"elementor elementor-4079\">\n\t\t\t\t\t\t<section class=\"elementor-section elementor-top-section elementor-element elementor-element-adfbadc elementor-section-boxed elementor-section-height-default elementor-section-height-default elementor-invisible\" data-id=\"adfbadc\" data-element_type=\"section\" data-e-type=\"section\" data-settings=\"{&quot;animation&quot;:&quot;fadeInUp&quot;}\">\n\t\t\t\t\t\t<div class=\"elementor-container elementor-column-gap-no\">\n\t\t\t\t\t<div class=\"elementor-column elementor-col-100 elementor-top-column elementor-element elementor-element-6c043aeb\" data-id=\"6c043aeb\" data-element_type=\"column\" data-e-type=\"column\">\n\t\t\t<div class=\"elementor-widget-wrap elementor-element-populated\">\n\t\t\t\t\t\t<div class=\"elementor-element elementor-element-541e41b elementor-widget elementor-widget-google_maps\" data-id=\"541e41b\" data-element_type=\"widget\" data-e-type=\"widget\" data-widget_type=\"google_maps.default\">\n\t\t\t\t<div class=\"elementor-widget-container\">\n\t\t\t\t\t\t\t<div class=\"elementor-custom-embed\">\n\t\t\t<iframe loading=\"lazy\"\n\t\t\t\t\tsrc=\"https:\/\/maps.google.com\/maps?q=Nyiregyhaza%2C%20Lujza%2010%2Fa&#038;t=m&#038;z=16&#038;output=embed&#038;iwloc=near\"\n\t\t\t\t\ttitle=\"Nyiregyhaza, Lujza 10\/a\"\n\t\t\t\t\taria-label=\"Nyiregyhaza, Lujza 10\/a\"\n\t\t\t><\/iframe>\n\t\t<\/div>\n\t\t\t\t\t\t<\/div>\n\t\t\t\t<\/div>\n\t\t\t\t\t<\/div>\n\t\t<\/div>\n\t\t\t\t\t<\/div>\n\t\t<\/section>\n\t\t\t\t<section class=\"elementor-section elementor-top-section elementor-element elementor-element-3c35b41c elementor-section-boxed elementor-section-height-default elementor-section-height-default elementor-invisible\" data-id=\"3c35b41c\" data-element_type=\"section\" data-e-type=\"section\" data-settings=\"{&quot;animation&quot;:&quot;fadeInUp&quot;}\">\n\t\t\t\t\t\t<div class=\"elementor-container elementor-column-gap-no\">\n\t\t\t\t\t<div class=\"elementor-column elementor-col-66 elementor-top-column elementor-element elementor-element-12ad6cdf\" data-id=\"12ad6cdf\" data-element_type=\"column\" data-e-type=\"column\">\n\t\t\t<div class=\"elementor-widget-wrap elementor-element-populated\">\n\t\t\t\t\t\t<div class=\"elementor-element elementor-element-6aa6b89f etheme-contact-form-7-button-custom elementor-widget elementor-widget-et-contact-form-7\" data-id=\"6aa6b89f\" data-element_type=\"widget\" data-e-type=\"widget\" data-widget_type=\"et-contact-form-7.default\">\n\t\t\t\t<div class=\"elementor-widget-container\">\n\t\t\t\t\t                <div class=\"pp-contact-form etheme-contact-form-7 placeholder-show\">\n                                        \n<div class=\"wpcf7 no-js\" id=\"wpcf7-f4081-o1\" lang=\"en-US\" dir=\"ltr\" data-wpcf7-id=\"4081\">\n<div class=\"screen-reader-response\"><p role=\"status\" aria-live=\"polite\" aria-atomic=\"true\"><\/p> <ul><\/ul><\/div>\n<form action=\"\/index.php\/wp-json\/wp\/v2\/pages\/4079#wpcf7-f4081-o1\" method=\"post\" class=\"wpcf7-form init\" aria-label=\"Contact form\" novalidate=\"novalidate\" data-status=\"init\">\n<fieldset class=\"hidden-fields-container\"><input type=\"hidden\" name=\"_wpcf7\" value=\"4081\" \/><input type=\"hidden\" name=\"_wpcf7_version\" value=\"6.1.5\" \/><input type=\"hidden\" name=\"_wpcf7_locale\" value=\"en_US\" \/><input type=\"hidden\" name=\"_wpcf7_unit_tag\" value=\"wpcf7-f4081-o1\" \/><input type=\"hidden\" name=\"_wpcf7_container_post\" value=\"0\" \/><input type=\"hidden\" name=\"_wpcf7_posted_data_hash\" value=\"\" \/>\n<\/fieldset>\n<div class=\"form-group\">\n\t<p><label>Az \u00d6n vezet\u00e9kneve (k\u00f6telez\u0151)<\/label><br \/>\n<span class=\"wpcf7-form-control-wrap\" data-name=\"your-name\"><input size=\"40\" maxlength=\"400\" class=\"wpcf7-form-control wpcf7-text wpcf7-validates-as-required\" aria-required=\"true\" aria-invalid=\"false\" value=\"\" type=\"text\" name=\"your-name\" \/><\/span>\n\t<\/p>\n\t<p><label>Az \u00d6n keresztneve (k\u00f6telez\u0151)<\/label><br \/>\n<span class=\"wpcf7-form-control-wrap\" data-name=\"your-name\"><input size=\"40\" maxlength=\"400\" class=\"wpcf7-form-control wpcf7-text wpcf7-validates-as-required\" aria-required=\"true\" aria-invalid=\"false\" value=\"\" type=\"text\" name=\"your-name\" \/><\/span>\n\t<\/p>\n<\/div>\n<div class=\"form-group\">\n\t<p><label>Az \u00d6n Email c\u00edme (k\u00f6telez\u0151)<\/label><br \/>\n<span class=\"wpcf7-form-control-wrap\" data-name=\"your-email\"><input size=\"40\" maxlength=\"400\" class=\"wpcf7-form-control wpcf7-email wpcf7-validates-as-required wpcf7-text wpcf7-validates-as-email\" aria-required=\"true\" aria-invalid=\"false\" value=\"\" type=\"email\" name=\"your-email\" \/><\/span>\n\t<\/p>\n\t<p><label>Weboldal<\/label><br \/>\n<span class=\"wpcf7-form-control-wrap\" data-name=\"text-389\"><input size=\"40\" maxlength=\"400\" class=\"wpcf7-form-control wpcf7-text\" aria-invalid=\"false\" value=\"\" type=\"text\" name=\"text-389\" \/><\/span>\n\t<\/p>\n<\/div>\n<p><br \/>\n<label>\u00dczenet<\/label><br \/>\n<span class=\"wpcf7-form-control-wrap\" data-name=\"your-message\"><textarea cols=\"40\" rows=\"10\" maxlength=\"2000\" class=\"wpcf7-form-control wpcf7-textarea\" aria-invalid=\"false\" name=\"your-message\"><\/textarea><\/span>\n<\/p>\n<p><input class=\"wpcf7-form-control wpcf7-submit has-spinner\" type=\"submit\" value=\"\u00dczenet k\u00fcld\u00e9se\" \/>\n<\/p><div class=\"wpcf7-response-output\" aria-hidden=\"true\"><\/div>\n<\/form>\n<\/div>\n                <\/div>\n                \t\t\t\t<\/div>\n\t\t\t\t<\/div>\n\t\t\t\t\t<\/div>\n\t\t<\/div>\n\t\t\t\t<div class=\"elementor-column elementor-col-33 elementor-top-column elementor-element elementor-element-57c7b973\" data-id=\"57c7b973\" data-element_type=\"column\" data-e-type=\"column\">\n\t\t\t<div class=\"elementor-widget-wrap elementor-element-populated\">\n\t\t\t\t\t\t<div class=\"elementor-element elementor-element-5ae5a335 elementor-widget elementor-widget-heading\" data-id=\"5ae5a335\" data-element_type=\"widget\" data-e-type=\"widget\" data-widget_type=\"heading.default\">\n\t\t\t\t<div class=\"elementor-widget-container\">\n\t\t\t\t\t<h2 class=\"elementor-heading-title elementor-size-default\">Raj\u00e1l Birs \/ \nAz italok itala<\/h2>\t\t\t\t<\/div>\n\t\t\t\t<\/div>\n\t\t\t\t<div class=\"elementor-element elementor-element-45df51fc elementor-widget elementor-widget-text-editor\" data-id=\"45df51fc\" data-element_type=\"widget\" data-e-type=\"widget\" data-widget_type=\"text-editor.default\">\n\t\t\t\t<div class=\"elementor-widget-container\">\n\t\t\t\t\t\t\t\t\t<p>C\u00e9g\u00fcnk k\u00fcl\u00f6n\u00f6sen telt, karakteres \u00edzvil\u00e1g\u00fa p\u00e1rlatok \u00e9s lik\u0151r\u00f6k forgalmaz\u00e1s\u00e1val foglalkozik, amely intenz\u00edv \u00e9lm\u00e9nyt ny\u00fajt a p\u00e1rlat \u00e9lvez\u0151inek. A p\u00e1rlat ( Rakija ) f\u0151z\u00e9se, hagyom\u00e1nya \u00e9s tapasztalata t\u00f6bb \u00e9vsz\u00e1zados m\u00faltra tekint vissza!<\/p><p>A Raj\u00e1l- Birs<strong> Kis- \u00e9s Nagykeresked\u00e9s<\/strong>, n\u00e1lunk mindenki kedv\u00e9re v\u00e1s\u00e1rolhat!<\/p>\t\t\t\t\t\t\t\t<\/div>\n\t\t\t\t<\/div>\n\t\t\t\t<div class=\"elementor-element elementor-element-3b914dd4 elementor-widget elementor-widget-text-editor\" data-id=\"3b914dd4\" data-element_type=\"widget\" data-e-type=\"widget\" data-widget_type=\"text-editor.default\">\n\t\t\t\t<div class=\"elementor-widget-container\">\n\t\t\t\t\t\t\t\t\t<p><strong>Telephely:<\/strong><\/p><p>4405 Ny\u00edregyh\u00e1za, Lujza \u00fat 10\/A<\/p><p><strong>Telephely nyitvatart\u00e1sa:<\/strong><\/p><p>H\u00e9tf\u0151t\u0151l- P\u00e9ntekig: 8:00-16:00<\/p><p><strong>Telefon:<\/strong> <em>+36 20 273 9855\u00a0\u00a0<\/em><\/p><p><strong>Email:<\/strong><\/p><p><strong> rajalbirs@gmail.com<\/strong><\/p><p><em><span style=\"color: #b0a37e\">rajalbirs@rajalbirs.hu\u00a0<\/span><\/em><\/p><p><span style=\"color: #b0a37e\"><strong>Web:<\/strong><em>\u00a0<\/em><\/span><em><a style=\"font-size: inherit\" href=\"http:\/\/rajalbirs.hu\">http:\/\/rajalbirs.hu<\/a><\/em><\/p><p><strong>A web\u00e1ruh\u00e1z tulajdonosa \u00e9s \u00fczemeltet\u0151je:<br \/><\/strong><strong>C\u00e9gn\u00e9v\/ \u00dczletn\u00e9v:<\/strong>\u00a0Raj\u00e1l Birs<br \/><strong>Keresked\u0151 adatai:<\/strong>\u00a0Hete K\u00e1lm\u00e1n e.v<br \/><strong>Sz\u00e9khely:<\/strong> 4405 Ny\u00edregyh\u00e1za, Lujza \u00fat 10\/A<br \/><strong>Telephely:<\/strong> 4405 Ny\u00edregyh\u00e1za, Lujza \u00fat 10\/A<br \/><strong>Ny\u00edlv\u00e1ntart\u00e1si\u00a0sz\u00e1m\/ c\u00e9gjegyz\u00e9ksz\u00e1m:<\/strong>\u00a051794387<br \/><strong>Statisztikai sz\u00e1mjel:<\/strong>\u00a068471662-4634-231-15<br \/><strong>Ny\u00edlv\u00e1ntart\u00e1si sz\u00e1m:<\/strong>\u00a0B-17.076\/2018<br \/><strong>Ad\u00f3sz\u00e1m:<\/strong>\u00a068471662-2-35<br \/><strong>Banksz\u00e1mlasz\u00e1m:<\/strong>\u00a068800109-11154842<\/p>\t\t\t\t\t\t\t\t<\/div>\n\t\t\t\t<\/div>\n\t\t\t\t\t<\/div>\n\t\t<\/div>\n\t\t\t\t\t<\/div>\n\t\t<\/section>\n\t\t\t\t<\/div>\n\t\t","protected":false},"excerpt":{"rendered":"<p>Az \u00d6n vezet\u00e9kneve (k\u00f6telez\u0151) Az \u00d6n keresztneve (k\u00f6telez\u0151) Az \u00d6n Email c\u00edme (k\u00f6telez\u0151) Weboldal \u00dczenet Raj\u00e1l Birs \/ Az italok itala C\u00e9g\u00fcnk k\u00fcl\u00f6n\u00f6sen telt, karakteres&#8230;<\/p>\n","protected":false},"author":1,"featured_media":0,"parent":0,"menu_order":0,"comment_status":"closed","ping_status":"closed","template":"","meta":{"footnotes":""},"class_list":["post-4079","page","type-page","status-publish","hentry"],"jetpack_sharing_enabled":true,"_links":{"self":[{"href":"https:\/\/www.rajalbirs.hu\/index.php\/wp-json\/wp\/v2\/pages\/4079","targetHints":{"allow":["GET"]}}],"collection":[{"href":"https:\/\/www.rajalbirs.hu\/index.php\/wp-json\/wp\/v2\/pages"}],"about":[{"href":"https:\/\/www.rajalbirs.hu\/index.php\/wp-json\/wp\/v2\/types\/page"}],"author":[{"embeddable":true,"href":"https:\/\/www.rajalbirs.hu\/index.php\/wp-json\/wp\/v2\/users\/1"}],"replies":[{"embeddable":true,"href":"https:\/\/www.rajalbirs.hu\/index.php\/wp-json\/wp\/v2\/comments?post=4079"}],"version-history":[{"count":37,"href":"https:\/\/www.rajalbirs.hu\/index.php\/wp-json\/wp\/v2\/pages\/4079\/revisions"}],"predecessor-version":[{"id":6606,"href":"https:\/\/www.rajalbirs.hu\/index.php\/wp-json\/wp\/v2\/pages\/4079\/revisions\/6606"}],"wp:attachment":[{"href":"https:\/\/www.rajalbirs.hu\/index.php\/wp-json\/wp\/v2\/media?parent=4079"}],"curies":[{"name":"wp","href":"https:\/\/api.w.org\/{rel}","templated":true}]}}