{"id":5898,"date":"2020-10-12T10:15:06","date_gmt":"2020-10-12T10:15:06","guid":{"rendered":"https:\/\/www.rajalbirs.hu\/?post_type=product&#038;p=5898"},"modified":"2024-04-05T15:22:22","modified_gmt":"2024-04-05T13:22:22","slug":"elegans-dupla-fa-diszdoboz-vadasz","status":"publish","type":"product","link":"https:\/\/www.rajalbirs.hu\/index.php\/product\/elegans-dupla-fa-diszdoboz-vadasz\/","title":{"rendered":"Eleg\u00e1ns dupla fa d\u00edszdoboz &#8211; Vad\u00e1sz"},"content":{"rendered":"<p><em>Az akci\u00f3 visszavon\u00e1sig \u00e9rv\u00e9nyes.\u00a0<\/em><\/p>\n","protected":false},"excerpt":{"rendered":"<p>Eleg\u00e1ns fa d\u00edszdoboz minden alkalomra, ak\u00e1r egyedi felirattal \u00e9s grafik\u00e1val.<\/p>\n","protected":false},"featured_media":5888,"comment_status":"open","ping_status":"closed","template":"","meta":{"jetpack_publicize_message":"","jetpack_publicize_feature_enabled":true,"jetpack_social_post_already_shared":false,"jetpack_social_options":{"image_generator_settings":{"template":"highway","default_image_id":0,"font":"","enabled":false},"version":2}},"etheme_brands":[{"term_id":77,"name":"Raj\u00e1l Birs","slug":"rajal-birs","term_group":0,"term_taxonomy_id":77,"taxonomy":"brand","description":"","parent":0,"count":28,"filter":"raw"}],"product_brand":[],"product_cat":[80],"product_tag":[],"class_list":{"0":"post-5898","1":"product","2":"type-product","3":"status-publish","4":"has-post-thumbnail","6":"brand-rajal-birs","7":"product_cat-doboz","9":"first","10":"instock","11":"sale","12":"taxable","13":"shipping-taxable","14":"purchasable","15":"product-type-variable"},"jetpack_publicize_connections":[],"jetpack_sharing_enabled":true,"_links":{"self":[{"href":"https:\/\/www.rajalbirs.hu\/index.php\/wp-json\/wp\/v2\/product\/5898","targetHints":{"allow":["GET"]}}],"collection":[{"href":"https:\/\/www.rajalbirs.hu\/index.php\/wp-json\/wp\/v2\/product"}],"about":[{"href":"https:\/\/www.rajalbirs.hu\/index.php\/wp-json\/wp\/v2\/types\/product"}],"replies":[{"embeddable":true,"href":"https:\/\/www.rajalbirs.hu\/index.php\/wp-json\/wp\/v2\/comments?post=5898"}],"wp:featuredmedia":[{"embeddable":true,"href":"https:\/\/www.rajalbirs.hu\/index.php\/wp-json\/wp\/v2\/media\/5888"}],"wp:attachment":[{"href":"https:\/\/www.rajalbirs.hu\/index.php\/wp-json\/wp\/v2\/media?parent=5898"}],"wp:term":[{"taxonomy":"brand","embeddable":true,"href":"https:\/\/www.rajalbirs.hu\/index.php\/wp-json\/wp\/v2\/etheme_brands?post=5898"},{"taxonomy":"product_brand","embeddable":true,"href":"https:\/\/www.rajalbirs.hu\/index.php\/wp-json\/wp\/v2\/product_brand?post=5898"},{"taxonomy":"product_cat","embeddable":true,"href":"https:\/\/www.rajalbirs.hu\/index.php\/wp-json\/wp\/v2\/product_cat?post=5898"},{"taxonomy":"product_tag","embeddable":true,"href":"https:\/\/www.rajalbirs.hu\/index.php\/wp-json\/wp\/v2\/product_tag?post=5898"}],"curies":[{"name":"wp","href":"https:\/\/api.w.org\/{rel}","templated":true}]}}