{"id":6064,"date":"2020-10-13T09:48:16","date_gmt":"2020-10-13T07:48:16","guid":{"rendered":"https:\/\/www.rajalbirs.hu\/?post_type=product&#038;p=6064"},"modified":"2025-08-15T08:06:42","modified_gmt":"2025-08-15T06:06:42","slug":"05l-vilmoskorte-parlat-42-2","status":"publish","type":"product","link":"https:\/\/www.rajalbirs.hu\/index.php\/product\/05l-vilmoskorte-parlat-42-2\/","title":{"rendered":"0,5l Vilmosk\u00f6rte p\u00e1rlat 42%"},"content":{"rendered":"<p><em>Az akci\u00f3 visszavon\u00e1sig\u00a0 \u00e9rv\u00e9nyes. <\/em><\/p>\n","protected":false},"excerpt":{"rendered":"<p>A vilmosk\u00f6rte p\u00e1rlatunk a leg\u00fajabb term\u00e9keink k\u00f6z\u00e9 tartozik. Nem karcos, \u00fcde, \u00edzletes, igazi vilmosk\u00f6rte illat \u00e1rad bel\u0151le. Ezt nem lehet kihagyni!<\/p>\n<p><strong>R\u00e9gi\u00f3:<\/strong><br \/>\nSzerbia<\/p>\n<p><strong>\u00cdzek:<\/strong><\/p>\n<p>Vilmosk\u00f6rte<\/p>\n","protected":false},"featured_media":6742,"comment_status":"closed","ping_status":"closed","template":"","meta":{"jetpack_publicize_message":"","jetpack_publicize_feature_enabled":true,"jetpack_social_post_already_shared":false,"jetpack_social_options":{"image_generator_settings":{"template":"highway","default_image_id":0,"font":"","enabled":false},"version":2}},"etheme_brands":[{"term_id":77,"name":"Raj\u00e1l Birs","slug":"rajal-birs","term_group":0,"term_taxonomy_id":77,"taxonomy":"brand","description":"","parent":0,"count":28,"filter":"raw"}],"product_brand":[],"product_cat":[75],"product_tag":[],"class_list":{"0":"post-6064","1":"product","2":"type-product","3":"status-publish","4":"has-post-thumbnail","6":"brand-rajal-birs","7":"product_cat-parlat","9":"first","10":"outofstock","11":"sale","12":"sold-individually","13":"taxable","14":"shipping-taxable","15":"purchasable","16":"product-type-simple"},"jetpack_publicize_connections":[],"jetpack_sharing_enabled":true,"_links":{"self":[{"href":"https:\/\/www.rajalbirs.hu\/index.php\/wp-json\/wp\/v2\/product\/6064","targetHints":{"allow":["GET"]}}],"collection":[{"href":"https:\/\/www.rajalbirs.hu\/index.php\/wp-json\/wp\/v2\/product"}],"about":[{"href":"https:\/\/www.rajalbirs.hu\/index.php\/wp-json\/wp\/v2\/types\/product"}],"replies":[{"embeddable":true,"href":"https:\/\/www.rajalbirs.hu\/index.php\/wp-json\/wp\/v2\/comments?post=6064"}],"wp:featuredmedia":[{"embeddable":true,"href":"https:\/\/www.rajalbirs.hu\/index.php\/wp-json\/wp\/v2\/media\/6742"}],"wp:attachment":[{"href":"https:\/\/www.rajalbirs.hu\/index.php\/wp-json\/wp\/v2\/media?parent=6064"}],"wp:term":[{"taxonomy":"brand","embeddable":true,"href":"https:\/\/www.rajalbirs.hu\/index.php\/wp-json\/wp\/v2\/etheme_brands?post=6064"},{"taxonomy":"product_brand","embeddable":true,"href":"https:\/\/www.rajalbirs.hu\/index.php\/wp-json\/wp\/v2\/product_brand?post=6064"},{"taxonomy":"product_cat","embeddable":true,"href":"https:\/\/www.rajalbirs.hu\/index.php\/wp-json\/wp\/v2\/product_cat?post=6064"},{"taxonomy":"product_tag","embeddable":true,"href":"https:\/\/www.rajalbirs.hu\/index.php\/wp-json\/wp\/v2\/product_tag?post=6064"}],"curies":[{"name":"wp","href":"https:\/\/api.w.org\/{rel}","templated":true}]}}