{"id":6409,"date":"2021-11-24T10:17:34","date_gmt":"2021-11-24T08:17:34","guid":{"rendered":"https:\/\/www.rajalbirs.hu\/?post_type=product&#038;p=6409"},"modified":"2026-02-23T15:49:41","modified_gmt":"2026-02-23T13:49:41","slug":"1l-birsalma-parlat-42-2","status":"publish","type":"product","link":"https:\/\/www.rajalbirs.hu\/index.php\/product\/1l-birsalma-parlat-42-2\/","title":{"rendered":"1l Birsalma p\u00e1rlat 42%"},"content":{"rendered":"<p><em>Az akci\u00f3 visszavon\u00e1sig \u00e9rv\u00e9nyes. <\/em><\/p>\n","protected":false},"excerpt":{"rendered":"<p>A birsalma p\u00e1rlatunk illat\u00e1ban \u00e9s \u00edz\u00e9ben is jellegzetes. A term\u00e9k \u00edze egyed\u00fcl\u00e1ll\u00f3 \u00e9lm\u00e9nyt ny\u00fajt, min\u0151s\u00e9g\u00e9r\u0151l csak a k\u00f3stol\u00f3 ut\u00e1n gy\u0151z\u0151dhet meg igaz\u00e1n. V\u00e1s\u00e1rl\u00f3ink k\u00f6r\u00e9ben e p\u00e1rlatunkr\u00f3l kimagasl\u00f3 \u00e9s pozit\u00edv visszajelz\u00e9seket kapunk.<\/p>\n<p><strong>R\u00e9gi\u00f3:<\/strong><br \/>\nSzerbia<\/p>\n<p><strong>\u00cdzek:<\/strong><\/p>\n<p>Birsalma<\/p>\n","protected":false},"featured_media":6141,"comment_status":"closed","ping_status":"closed","template":"","meta":{"jetpack_publicize_message":"","jetpack_publicize_feature_enabled":true,"jetpack_social_post_already_shared":true,"jetpack_social_options":{"image_generator_settings":{"template":"highway","default_image_id":0,"font":"","enabled":false},"version":2}},"etheme_brands":[{"term_id":77,"name":"Raj\u00e1l Birs","slug":"rajal-birs","term_group":0,"term_taxonomy_id":77,"taxonomy":"brand","description":"","parent":0,"count":28,"filter":"raw"}],"product_brand":[],"product_cat":[75],"product_tag":[],"class_list":{"0":"post-6409","1":"product","2":"type-product","3":"status-publish","4":"has-post-thumbnail","6":"brand-rajal-birs","7":"product_cat-parlat","9":"first","10":"instock","11":"taxable","12":"shipping-taxable","13":"purchasable","14":"product-type-simple"},"jetpack_publicize_connections":[],"jetpack_sharing_enabled":true,"_links":{"self":[{"href":"https:\/\/www.rajalbirs.hu\/index.php\/wp-json\/wp\/v2\/product\/6409","targetHints":{"allow":["GET"]}}],"collection":[{"href":"https:\/\/www.rajalbirs.hu\/index.php\/wp-json\/wp\/v2\/product"}],"about":[{"href":"https:\/\/www.rajalbirs.hu\/index.php\/wp-json\/wp\/v2\/types\/product"}],"replies":[{"embeddable":true,"href":"https:\/\/www.rajalbirs.hu\/index.php\/wp-json\/wp\/v2\/comments?post=6409"}],"wp:featuredmedia":[{"embeddable":true,"href":"https:\/\/www.rajalbirs.hu\/index.php\/wp-json\/wp\/v2\/media\/6141"}],"wp:attachment":[{"href":"https:\/\/www.rajalbirs.hu\/index.php\/wp-json\/wp\/v2\/media?parent=6409"}],"wp:term":[{"taxonomy":"brand","embeddable":true,"href":"https:\/\/www.rajalbirs.hu\/index.php\/wp-json\/wp\/v2\/etheme_brands?post=6409"},{"taxonomy":"product_brand","embeddable":true,"href":"https:\/\/www.rajalbirs.hu\/index.php\/wp-json\/wp\/v2\/product_brand?post=6409"},{"taxonomy":"product_cat","embeddable":true,"href":"https:\/\/www.rajalbirs.hu\/index.php\/wp-json\/wp\/v2\/product_cat?post=6409"},{"taxonomy":"product_tag","embeddable":true,"href":"https:\/\/www.rajalbirs.hu\/index.php\/wp-json\/wp\/v2\/product_tag?post=6409"}],"curies":[{"name":"wp","href":"https:\/\/api.w.org\/{rel}","templated":true}]}}