{"id":6587,"date":"2023-04-13T13:02:42","date_gmt":"2023-04-13T11:02:42","guid":{"rendered":"https:\/\/www.rajalbirs.hu\/?post_type=product&#038;p=6587"},"modified":"2024-12-06T12:04:10","modified_gmt":"2024-12-06T10:04:10","slug":"07l-sargabarack-parlat-shine-42","status":"publish","type":"product","link":"https:\/\/www.rajalbirs.hu\/index.php\/product\/07l-sargabarack-parlat-shine-42\/","title":{"rendered":"0,7l S\u00e1rgabarack p\u00e1rlat Shine 42%"},"content":{"rendered":"<p><em>Az akci\u00f3 visszavon\u00e1sig \u00e9rv\u00e9nyes.\u00a0<\/em><\/p>\n","protected":false},"excerpt":{"rendered":"<p style=\"text-align: left\">S\u00e1rgabarack p\u00e1rlat \u00faj design \u00fcvegben!<\/p>\n<p>Fantasztikusan komplex \u00edz\u00e9lm\u00e9nyt var\u00e1zsol fogyaszt\u00f3j\u00e1nak. Rendk\u00edv\u00fcl eleg\u00e1ns jegyekkel van felv\u00e9rtezve, illetve a vas\u00e1rnapi eb\u00e9dek kellemes k\u00eds\u00e9r\u0151je lehet.<\/p>\n<p><strong>R\u00e9gi\u00f3:<\/strong> Szerbia<\/p>\n<p><strong>\u00cdzek:<\/strong> S\u00e1rgabarack<\/p>\n","protected":false},"featured_media":6582,"comment_status":"open","ping_status":"closed","template":"","meta":{"jetpack_publicize_message":"","jetpack_publicize_feature_enabled":true,"jetpack_social_post_already_shared":true,"jetpack_social_options":{"image_generator_settings":{"template":"highway","default_image_id":0,"font":"","enabled":false},"version":2}},"etheme_brands":[{"term_id":77,"name":"Raj\u00e1l Birs","slug":"rajal-birs","term_group":0,"term_taxonomy_id":77,"taxonomy":"brand","description":"","parent":0,"count":28,"filter":"raw"}],"product_brand":[],"product_cat":[75,84],"product_tag":[],"class_list":{"0":"post-6587","1":"product","2":"type-product","3":"status-publish","4":"has-post-thumbnail","6":"brand-rajal-birs","7":"product_cat-parlat","8":"product_cat-ujdonsag","10":"first","11":"instock","12":"sale","13":"taxable","14":"shipping-taxable","15":"purchasable","16":"product-type-simple"},"jetpack_publicize_connections":[],"jetpack_sharing_enabled":true,"_links":{"self":[{"href":"https:\/\/www.rajalbirs.hu\/index.php\/wp-json\/wp\/v2\/product\/6587","targetHints":{"allow":["GET"]}}],"collection":[{"href":"https:\/\/www.rajalbirs.hu\/index.php\/wp-json\/wp\/v2\/product"}],"about":[{"href":"https:\/\/www.rajalbirs.hu\/index.php\/wp-json\/wp\/v2\/types\/product"}],"replies":[{"embeddable":true,"href":"https:\/\/www.rajalbirs.hu\/index.php\/wp-json\/wp\/v2\/comments?post=6587"}],"wp:featuredmedia":[{"embeddable":true,"href":"https:\/\/www.rajalbirs.hu\/index.php\/wp-json\/wp\/v2\/media\/6582"}],"wp:attachment":[{"href":"https:\/\/www.rajalbirs.hu\/index.php\/wp-json\/wp\/v2\/media?parent=6587"}],"wp:term":[{"taxonomy":"brand","embeddable":true,"href":"https:\/\/www.rajalbirs.hu\/index.php\/wp-json\/wp\/v2\/etheme_brands?post=6587"},{"taxonomy":"product_brand","embeddable":true,"href":"https:\/\/www.rajalbirs.hu\/index.php\/wp-json\/wp\/v2\/product_brand?post=6587"},{"taxonomy":"product_cat","embeddable":true,"href":"https:\/\/www.rajalbirs.hu\/index.php\/wp-json\/wp\/v2\/product_cat?post=6587"},{"taxonomy":"product_tag","embeddable":true,"href":"https:\/\/www.rajalbirs.hu\/index.php\/wp-json\/wp\/v2\/product_tag?post=6587"}],"curies":[{"name":"wp","href":"https:\/\/api.w.org\/{rel}","templated":true}]}}