{"id":6588,"date":"2023-04-13T13:10:53","date_gmt":"2023-04-13T11:10:53","guid":{"rendered":"https:\/\/www.rajalbirs.hu\/?post_type=product&#038;p=6588"},"modified":"2024-12-06T12:03:13","modified_gmt":"2024-12-06T10:03:13","slug":"07l-forbidden-garden-csomag","status":"publish","type":"product","link":"https:\/\/www.rajalbirs.hu\/index.php\/product\/07l-forbidden-garden-csomag\/","title":{"rendered":"0,7l Birsalma p\u00e1rlat 42% &#8211; Forbidden Garden csomag"},"content":{"rendered":"<p><em>Az akci\u00f3 visszavon\u00e1sig \u00e9rv\u00e9nyes.<\/em><\/p>\n","protected":false},"excerpt":{"rendered":"<p style=\"text-align: left\">Leg\u00fajabb term\u00e9k\u00fcnk a k\u00e9pen l\u00e1that\u00f3 &#8222;Forbidden Garden&#8221; fant\u00e1zian\u00e9vvel ell\u00e1tott csomagunk!<\/p>\n<p>Aj\u00e1nd\u00e9knak t\u00f6k\u00e9letes v\u00e1laszt\u00e1s, \u00e9s nem kell a csomagol\u00e1ssal sem bajl\u00f3dnod!<\/p>\n<p>Tartalma<\/p>\n<div dir=\"auto\">1db 0,7l Birsalma p\u00e1rlat 42%<\/div>\n<div dir=\"auto\">1db st\u00edlusos pap\u00edrdoboz<\/div>\n<div dir=\"auto\">1db aj\u00e1nd\u00e9kt\u00e1ska<\/div>\n<div dir=\"auto\"><\/div>\n<div dir=\"auto\"><strong>R\u00e9gi\u00f3:<\/strong> Szerbia<\/div>\n<div dir=\"auto\"><strong>\u00cdzek:<\/strong> Birsalma<\/div>\n<div dir=\"auto\"><\/div>\n","protected":false},"featured_media":6581,"comment_status":"open","ping_status":"closed","template":"","meta":{"jetpack_publicize_message":"","jetpack_publicize_feature_enabled":true,"jetpack_social_post_already_shared":true,"jetpack_social_options":{"image_generator_settings":{"template":"highway","default_image_id":0,"font":"","enabled":false},"version":2}},"etheme_brands":[{"term_id":77,"name":"Raj\u00e1l Birs","slug":"rajal-birs","term_group":0,"term_taxonomy_id":77,"taxonomy":"brand","description":"","parent":0,"count":28,"filter":"raw"}],"product_brand":[],"product_cat":[75,84],"product_tag":[],"class_list":{"0":"post-6588","1":"product","2":"type-product","3":"status-publish","4":"has-post-thumbnail","6":"brand-rajal-birs","7":"product_cat-parlat","8":"product_cat-ujdonsag","10":"first","11":"instock","12":"sale","13":"taxable","14":"shipping-taxable","15":"purchasable","16":"product-type-simple"},"jetpack_publicize_connections":[],"jetpack_sharing_enabled":true,"_links":{"self":[{"href":"https:\/\/www.rajalbirs.hu\/index.php\/wp-json\/wp\/v2\/product\/6588","targetHints":{"allow":["GET"]}}],"collection":[{"href":"https:\/\/www.rajalbirs.hu\/index.php\/wp-json\/wp\/v2\/product"}],"about":[{"href":"https:\/\/www.rajalbirs.hu\/index.php\/wp-json\/wp\/v2\/types\/product"}],"replies":[{"embeddable":true,"href":"https:\/\/www.rajalbirs.hu\/index.php\/wp-json\/wp\/v2\/comments?post=6588"}],"wp:featuredmedia":[{"embeddable":true,"href":"https:\/\/www.rajalbirs.hu\/index.php\/wp-json\/wp\/v2\/media\/6581"}],"wp:attachment":[{"href":"https:\/\/www.rajalbirs.hu\/index.php\/wp-json\/wp\/v2\/media?parent=6588"}],"wp:term":[{"taxonomy":"brand","embeddable":true,"href":"https:\/\/www.rajalbirs.hu\/index.php\/wp-json\/wp\/v2\/etheme_brands?post=6588"},{"taxonomy":"product_brand","embeddable":true,"href":"https:\/\/www.rajalbirs.hu\/index.php\/wp-json\/wp\/v2\/product_brand?post=6588"},{"taxonomy":"product_cat","embeddable":true,"href":"https:\/\/www.rajalbirs.hu\/index.php\/wp-json\/wp\/v2\/product_cat?post=6588"},{"taxonomy":"product_tag","embeddable":true,"href":"https:\/\/www.rajalbirs.hu\/index.php\/wp-json\/wp\/v2\/product_tag?post=6588"}],"curies":[{"name":"wp","href":"https:\/\/api.w.org\/{rel}","templated":true}]}}