{"id":6750,"date":"2024-12-06T10:35:01","date_gmt":"2024-12-06T08:35:01","guid":{"rendered":"https:\/\/www.rajalbirs.hu\/?post_type=product&#038;p=6750"},"modified":"2026-02-23T15:47:37","modified_gmt":"2026-02-23T13:47:37","slug":"05l-sargabarack-parlat-exit-42","status":"publish","type":"product","link":"https:\/\/www.rajalbirs.hu\/index.php\/product\/05l-sargabarack-parlat-exit-42\/","title":{"rendered":"0,5l S\u00e1rgabarack p\u00e1rlat Exit 42%"},"content":{"rendered":"","protected":false},"excerpt":{"rendered":"<p>A s\u00e1rgabarack p\u00e1rlat 42%-os, igazi kellemes s\u00e1rgabarack \u00edzt \u00e9s illatot k\u00f6lcs\u00f6n\u00f6z. Val\u00f3di gy\u00fcm\u00f6lcsb\u0151l k\u00e9sz\u00fcl, ez\u00e1ltal garant\u00e1lt a fogy\u00e1s bel\u0151le, b\u00e1rmilyen rendezv\u00e9nyen.<\/p>\n<p><strong>R\u00e9gi\u00f3:<\/strong><br \/>\nSzerbia<\/p>\n<p><strong>\u00cdzek:<\/strong><\/p>\n<p>S\u00e1rgabarack<\/p>\n","protected":false},"featured_media":6751,"comment_status":"open","ping_status":"closed","template":"","meta":{"jetpack_publicize_message":"","jetpack_publicize_feature_enabled":true,"jetpack_social_post_already_shared":true,"jetpack_social_options":{"image_generator_settings":{"template":"highway","default_image_id":0,"font":"","enabled":false},"version":2}},"etheme_brands":[{"term_id":77,"name":"Raj\u00e1l Birs","slug":"rajal-birs","term_group":0,"term_taxonomy_id":77,"taxonomy":"brand","description":"","parent":0,"count":28,"filter":"raw"}],"product_brand":[],"product_cat":[75,84],"product_tag":[],"class_list":{"0":"post-6750","1":"product","2":"type-product","3":"status-publish","4":"has-post-thumbnail","6":"brand-rajal-birs","7":"product_cat-parlat","8":"product_cat-ujdonsag","10":"first","11":"instock","12":"taxable","13":"shipping-taxable","14":"purchasable","15":"product-type-simple"},"jetpack_publicize_connections":[],"jetpack_sharing_enabled":true,"_links":{"self":[{"href":"https:\/\/www.rajalbirs.hu\/index.php\/wp-json\/wp\/v2\/product\/6750","targetHints":{"allow":["GET"]}}],"collection":[{"href":"https:\/\/www.rajalbirs.hu\/index.php\/wp-json\/wp\/v2\/product"}],"about":[{"href":"https:\/\/www.rajalbirs.hu\/index.php\/wp-json\/wp\/v2\/types\/product"}],"replies":[{"embeddable":true,"href":"https:\/\/www.rajalbirs.hu\/index.php\/wp-json\/wp\/v2\/comments?post=6750"}],"wp:featuredmedia":[{"embeddable":true,"href":"https:\/\/www.rajalbirs.hu\/index.php\/wp-json\/wp\/v2\/media\/6751"}],"wp:attachment":[{"href":"https:\/\/www.rajalbirs.hu\/index.php\/wp-json\/wp\/v2\/media?parent=6750"}],"wp:term":[{"taxonomy":"brand","embeddable":true,"href":"https:\/\/www.rajalbirs.hu\/index.php\/wp-json\/wp\/v2\/etheme_brands?post=6750"},{"taxonomy":"product_brand","embeddable":true,"href":"https:\/\/www.rajalbirs.hu\/index.php\/wp-json\/wp\/v2\/product_brand?post=6750"},{"taxonomy":"product_cat","embeddable":true,"href":"https:\/\/www.rajalbirs.hu\/index.php\/wp-json\/wp\/v2\/product_cat?post=6750"},{"taxonomy":"product_tag","embeddable":true,"href":"https:\/\/www.rajalbirs.hu\/index.php\/wp-json\/wp\/v2\/product_tag?post=6750"}],"curies":[{"name":"wp","href":"https:\/\/api.w.org\/{rel}","templated":true}]}}