{"id":6754,"date":"2024-12-06T11:27:29","date_gmt":"2024-12-06T09:27:29","guid":{"rendered":"https:\/\/www.rajalbirs.hu\/?post_type=product&#038;p=6754"},"modified":"2024-12-06T11:35:43","modified_gmt":"2024-12-06T09:35:43","slug":"05l-sargabarack-parlat-new-42","status":"publish","type":"product","link":"https:\/\/www.rajalbirs.hu\/index.php\/product\/05l-sargabarack-parlat-new-42\/","title":{"rendered":"0,5l S\u00e1rgabarack p\u00e1rlat New 42%"},"content":{"rendered":"","protected":false},"excerpt":{"rendered":"<p>42%-os igazi s\u00e1rgabarack \u00edz jellemzi. K\u00fcl\u00f6nleges \u00fcvegkialak\u00edt\u00e1sa r\u00e9v\u00e9n, n\u00e9pszer\u0171 aj\u00e1nd\u00e9k.<\/p>\n<p>Limit\u00e1lt!<\/p>\n<p>&nbsp;<\/p>\n<p><strong>R\u00e9gi\u00f3:<\/strong><br \/>\nSzerbia<\/p>\n<p><strong>\u00cdzek:<\/strong><\/p>\n<p>S\u00e1rgabarack<\/p>\n","protected":false},"featured_media":6755,"comment_status":"open","ping_status":"closed","template":"","meta":{"jetpack_publicize_message":"","jetpack_publicize_feature_enabled":true,"jetpack_social_post_already_shared":true,"jetpack_social_options":{"image_generator_settings":{"template":"highway","default_image_id":0,"font":"","enabled":false},"version":2}},"etheme_brands":[{"term_id":77,"name":"Raj\u00e1l Birs","slug":"rajal-birs","term_group":0,"term_taxonomy_id":77,"taxonomy":"brand","description":"","parent":0,"count":28,"filter":"raw"}],"product_brand":[],"product_cat":[75,84],"product_tag":[],"class_list":{"0":"post-6754","1":"product","2":"type-product","3":"status-publish","4":"has-post-thumbnail","6":"brand-rajal-birs","7":"product_cat-parlat","8":"product_cat-ujdonsag","10":"first","11":"instock","12":"taxable","13":"shipping-taxable","14":"purchasable","15":"product-type-simple"},"jetpack_publicize_connections":[],"jetpack_sharing_enabled":true,"_links":{"self":[{"href":"https:\/\/www.rajalbirs.hu\/index.php\/wp-json\/wp\/v2\/product\/6754","targetHints":{"allow":["GET"]}}],"collection":[{"href":"https:\/\/www.rajalbirs.hu\/index.php\/wp-json\/wp\/v2\/product"}],"about":[{"href":"https:\/\/www.rajalbirs.hu\/index.php\/wp-json\/wp\/v2\/types\/product"}],"replies":[{"embeddable":true,"href":"https:\/\/www.rajalbirs.hu\/index.php\/wp-json\/wp\/v2\/comments?post=6754"}],"wp:featuredmedia":[{"embeddable":true,"href":"https:\/\/www.rajalbirs.hu\/index.php\/wp-json\/wp\/v2\/media\/6755"}],"wp:attachment":[{"href":"https:\/\/www.rajalbirs.hu\/index.php\/wp-json\/wp\/v2\/media?parent=6754"}],"wp:term":[{"taxonomy":"brand","embeddable":true,"href":"https:\/\/www.rajalbirs.hu\/index.php\/wp-json\/wp\/v2\/etheme_brands?post=6754"},{"taxonomy":"product_brand","embeddable":true,"href":"https:\/\/www.rajalbirs.hu\/index.php\/wp-json\/wp\/v2\/product_brand?post=6754"},{"taxonomy":"product_cat","embeddable":true,"href":"https:\/\/www.rajalbirs.hu\/index.php\/wp-json\/wp\/v2\/product_cat?post=6754"},{"taxonomy":"product_tag","embeddable":true,"href":"https:\/\/www.rajalbirs.hu\/index.php\/wp-json\/wp\/v2\/product_tag?post=6754"}],"curies":[{"name":"wp","href":"https:\/\/api.w.org\/{rel}","templated":true}]}}